{"id":13,"date":"2024-01-06T21:04:16","date_gmt":"2024-01-06T20:04:16","guid":{"rendered":"https:\/\/biomagnetista.cl\/?page_id=13"},"modified":"2025-08-29T03:55:59","modified_gmt":"2025-08-29T01:55:59","slug":"home","status":"publish","type":"page","link":"https:\/\/www.biomagnetista.cl\/","title":{"rendered":"Home"},"content":{"rendered":"<div id=\"slider-mb-block-f149ca8b-fddc-4c69-ad23-28345d98b926\" class=\"slider  wp-block-group\">\n\n        \n                                    <div class=\"wp-block-slider wp-block-group\" style=\"background-color:#19a7ff\">\n                    <div class=\"wp-block-group__inner-container\">\n                        <div class=\"wp-block-slider__contenido\">\n                            <span style=\"color: #ffffff\">\u2014 Con biomagnetismo<\/span> \n                            <h1 style=\"color: #ffffff\">Restablece el equilibrio en tu cuerpo y promueve una salud integral.<\/h1>\n\n                            <div class=\"wp-block-buttons is-content-justification-left is-layout-flex wp-container-core-buttons-is-layout-fdcfc74e wp-block-buttons-is-layout-flex\">\n                                <div class=\"wp-block-button\">\n                                    <a class=\"wp-block-button__link has-text-align-center wp-element-button\" href=\"https:\/\/wa.me\/56981749873?text=%C2%A1Hola!,%0AMe+gustar%C3%ADa+solicitar+una+hora+de+biomagnetismo+por+favor...&amp;utm_source=chatgpt.com\" target=\"_blank\" rel=\"noreferrer noopener nofollow\">\n                                        Solicitar Hora\n                                    <\/a>\n                                <\/div>\n                            <\/div>\n                            \n                        <\/div>\n                        <div class=\"wp-block-slider__imagen\">\n                            <div class=\"imanes\">\n                                <img decoding=\"auto\" fetchpriority=\"high\" src=\"https:\/\/www.biomagnetista.cl\/wp-content\/themes\/biomagnetista\/assets\/images\/iman-rojo.svg?v=2\" alt=\"Par Biomagnetico\">\n                                <img decoding=\"auto\" fetchpriority=\"high\" src=\"https:\/\/www.biomagnetista.cl\/wp-content\/themes\/biomagnetista\/assets\/images\/iman-negro.svg?v=2\" alt=\"Par Biomagnetico\">\n                            <\/div>\n                        <\/div>\n                    <\/div>\n                <\/div>\n                    \n    <\/div>\n\n\n<section class=\"wp-block-group alignfull has-white-background-color has-text-color has-background has-link-color wp-elements-87e21ce9e92775b3aee0a9fd897213ba\" id=\"sobre-biomagnetismo\" style=\"color:#393939\"><div class=\"wp-block-group__inner-container is-layout-constrained wp-block-group-is-layout-constrained\">\n<h2 class=\"wp-block-heading\"><em>Sobre<br><\/em>Biomagnetismo<\/h2>\n\n\n\n<div class=\"wp-block-columns is-layout-flex wp-container-core-columns-is-layout-9d6595d7 wp-block-columns-is-layout-flex\">\n<div class=\"wp-block-column is-layout-flow wp-block-column-is-layout-flow\">\n<p class=\"has-medium-font-size\"><strong>El biomagnetismo es una terapia \u00fanica <\/strong>que utiliza <br>imanes para equilibrar tu cuerpo y fomentar la salud.<\/p>\n\n\n\n<ul class=\"wp-block-list\">\n<li>Se fundamenta en la idea de que desequilibrios bioenerg\u00e9ticos en ciertos puntos espec\u00edficos del cuerpo <strong>pueden contribuir a diversas enfermedades.<\/strong><\/li>\n\n\n\n<li>Mediante un escaneo preciso, identificamos esos desequilibrios y aplicamos imanes de manera estrat\u00e9gica para <strong>armonizar tu organismo y crear un ambiente propicio para el bienestar.<\/strong><\/li>\n\n\n\n<li>Si en el escaneo se identifica la presencia de microorganismos espec\u00edficos como virus, bacterias, hongos o par\u00e1sitos, <strong>el terapeuta los buscar\u00e1 y neutralizar\u00e1.<\/strong><\/li>\n<\/ul>\n<\/div>\n\n\n\n<div class=\"wp-block-column is-layout-flow wp-block-column-is-layout-flow\"><div id=\"imanes-mb-block-781879a8-17b5-453f-9621-06855f96232f\" class=\"imanes \">\n        <picture class=\"iman-rojo\">\n        <img decoding=\"async\" src=\"https:\/\/www.biomagnetista.cl\/wp-content\/uploads\/2024\/01\/sobre-iman-rojo.svg\" class=\"img-fluid\" alt=\"Biomagnetismo\" \/>    <\/picture>\n    <picture class=\"iman-negro\">\n        <img decoding=\"async\" src=\"https:\/\/www.biomagnetista.cl\/wp-content\/uploads\/2024\/01\/sobre-iman-negro.svg\" class=\"img-fluid\" alt=\"Biomagnetismo\" \/>    <\/picture>\n<\/div><\/div>\n<\/div>\n<\/div><\/section>\n\n\n\n<section class=\"wp-block-group alignfull no-animar has-text-color has-background has-link-color wp-elements-0fb3ad14159599de9a6f32c530dd236c\" id=\"proceso\" style=\"color:#393939;background-color:#eaf7ff\"><div class=\"wp-block-group__inner-container is-layout-constrained wp-block-group-is-layout-constrained\">\n<h2 class=\"wp-block-heading has-text-align-center\"><em>Informaci\u00f3n del<br><\/em>Proceso<\/h2>\n\n\n<div id=\"proceso-mb-block-55824e08-687d-47b9-992d-ae479f57f09f\" class=\"proceso  wp-block-group\">\n    <div class=\"swiper\">\n        <div class=\"swiper-wrapper\">\n                                                <div class=\"swiper-slide\">\n                <div class=\"item-proceso\">\n                    <picture class=\"mb-5 d-block\">\n                                                    <img loading=\"lazy\" decoding=\"async\" width=\"734\" height=\"1118\" src=\"https:\/\/www.biomagnetista.cl\/wp-content\/uploads\/2024\/01\/01-proceso_biomagnetista.jpg\" class=\"img-fluid\" alt=\"Biomagnetista.cl - Paso 1\" srcset=\"https:\/\/www.biomagnetista.cl\/wp-content\/uploads\/2024\/01\/01-proceso_biomagnetista.jpg 734w, https:\/\/www.biomagnetista.cl\/wp-content\/uploads\/2024\/01\/01-proceso_biomagnetista-197x300.jpg 197w, https:\/\/www.biomagnetista.cl\/wp-content\/uploads\/2024\/01\/01-proceso_biomagnetista-672x1024.jpg 672w\" sizes=\"auto, (max-width: 734px) 100vw, 734px\" \/>                                            <\/picture>\n                    <h3>01<\/h3> \n                    <h2>Evaluaci\u00f3n inicial<\/h2>\n                    <p>El terapeuta realiza una evaluaci\u00f3n inicial del paciente.<\/p>\n                <\/div>\n            <\/div>\n                                    <div class=\"swiper-slide\">\n                <div class=\"item-proceso\">\n                    <picture class=\"mb-5 d-block\">\n                                                    <img loading=\"lazy\" decoding=\"async\" width=\"734\" height=\"1118\" src=\"https:\/\/www.biomagnetista.cl\/wp-content\/uploads\/2024\/01\/02-proceso_biomagnetista.jpg\" class=\"img-fluid\" alt=\"Biomagnetista.cl - Paso 2\" srcset=\"https:\/\/www.biomagnetista.cl\/wp-content\/uploads\/2024\/01\/02-proceso_biomagnetista.jpg 734w, https:\/\/www.biomagnetista.cl\/wp-content\/uploads\/2024\/01\/02-proceso_biomagnetista-197x300.jpg 197w, https:\/\/www.biomagnetista.cl\/wp-content\/uploads\/2024\/01\/02-proceso_biomagnetista-672x1024.jpg 672w\" sizes=\"auto, (max-width: 734px) 100vw, 734px\" \/>                                            <\/picture>\n                    <h3>02<\/h3> \n                    <h2>An\u00e1lisis<\/h2>\n                    <p>El terapeuta realiza un an\u00e1lisis buscando posibles puntos de desequilibrio.<\/p>\n                <\/div>\n            <\/div>\n                                    <div class=\"swiper-slide\">\n                <div class=\"item-proceso\">\n                    <picture class=\"mb-5 d-block\">\n                                                    <img loading=\"lazy\" decoding=\"async\" width=\"734\" height=\"1118\" src=\"https:\/\/www.biomagnetista.cl\/wp-content\/uploads\/2024\/01\/03-proceso_biomagnetista.jpg\" class=\"img-fluid\" alt=\"Biomagnetista.cl - Paso 3\" srcset=\"https:\/\/www.biomagnetista.cl\/wp-content\/uploads\/2024\/01\/03-proceso_biomagnetista.jpg 734w, https:\/\/www.biomagnetista.cl\/wp-content\/uploads\/2024\/01\/03-proceso_biomagnetista-197x300.jpg 197w, https:\/\/www.biomagnetista.cl\/wp-content\/uploads\/2024\/01\/03-proceso_biomagnetista-672x1024.jpg 672w\" sizes=\"auto, (max-width: 734px) 100vw, 734px\" \/>                                            <\/picture>\n                    <h3>03<\/h3> \n                    <h2>Identificaci\u00f3n de puntos de desequilibrio<\/h2>\n                    <p>Se identifican los puntos espec\u00edficos del cuerpo que podr\u00edan estar relacionados con la enfermedad.<\/p>\n                <\/div>\n            <\/div>\n                                    <div class=\"swiper-slide\">\n                <div class=\"item-proceso\">\n                    <picture class=\"mb-5 d-block\">\n                                                    <img loading=\"lazy\" decoding=\"async\" width=\"734\" height=\"1118\" src=\"https:\/\/www.biomagnetista.cl\/wp-content\/uploads\/2024\/01\/04-proceso_biomagnetista.jpg\" class=\"img-fluid\" alt=\"Biomagnetista.cl - Paso 4\" srcset=\"https:\/\/www.biomagnetista.cl\/wp-content\/uploads\/2024\/01\/04-proceso_biomagnetista.jpg 734w, https:\/\/www.biomagnetista.cl\/wp-content\/uploads\/2024\/01\/04-proceso_biomagnetista-197x300.jpg 197w, https:\/\/www.biomagnetista.cl\/wp-content\/uploads\/2024\/01\/04-proceso_biomagnetista-672x1024.jpg 672w\" sizes=\"auto, (max-width: 734px) 100vw, 734px\" \/>                                            <\/picture>\n                    <h3>04<\/h3> \n                    <h2>Confirmaci\u00f3n de la presencia de pat\u00f3genos<\/h2>\n                    <p>Se busca la presencia de virus, bacterias, hongos o par\u00e1sitos y se intenta neutralizar su efecto.<\/p>\n                <\/div>\n            <\/div>\n                                            <\/div>\n\n        \n        <div class=\"swiper-scrollbar\"><\/div>\n    <\/div>\n<\/div><\/div><\/section>\n\n\n\n<section class=\"wp-block-group alignfull has-white-background-color has-text-color has-background has-link-color wp-elements-c2526f9c56ff81762110ef2aa7f9df2d\" id=\"sobre-mi\" style=\"color:#393939\"><div class=\"wp-block-group__inner-container is-layout-constrained wp-block-group-is-layout-constrained\">\n<h2 class=\"wp-block-heading has-text-align-center\"><em>M\u00e1s detalles<br><\/em>Sobre Mi<\/h2>\n\n\n\n<div style=\"height:70px\" aria-hidden=\"true\" class=\"wp-block-spacer\"><\/div>\n\n\n\n<div class=\"wp-block-columns is-layout-flex wp-container-core-columns-is-layout-9d6595d7 wp-block-columns-is-layout-flex\">\n<div class=\"wp-block-column is-layout-flow wp-block-column-is-layout-flow\" style=\"flex-basis:5%\"><\/div>\n\n\n\n<div class=\"wp-block-column is-layout-flow wp-block-column-is-layout-flow\" style=\"flex-basis:30%\">\n<figure class=\"wp-block-image size-large\"><img loading=\"lazy\" decoding=\"async\" width=\"809\" height=\"1024\" src=\"https:\/\/www.biomagnetista.cl\/wp-content\/uploads\/2024\/01\/01-sobre-mi_ely-morales-biomagnetista-e1755548499531-809x1024.jpg\" alt=\"\" class=\"wp-image-52\" srcset=\"https:\/\/www.biomagnetista.cl\/wp-content\/uploads\/2024\/01\/01-sobre-mi_ely-morales-biomagnetista-e1755548499531-809x1024.jpg 809w, https:\/\/www.biomagnetista.cl\/wp-content\/uploads\/2024\/01\/01-sobre-mi_ely-morales-biomagnetista-e1755548499531-237x300.jpg 237w, https:\/\/www.biomagnetista.cl\/wp-content\/uploads\/2024\/01\/01-sobre-mi_ely-morales-biomagnetista-e1755548499531-768x972.jpg 768w, https:\/\/www.biomagnetista.cl\/wp-content\/uploads\/2024\/01\/01-sobre-mi_ely-morales-biomagnetista-e1755548499531.jpg 1138w\" sizes=\"auto, (max-width: 809px) 100vw, 809px\" \/><\/figure>\n<\/div>\n\n\n\n<div class=\"wp-block-column ps-md-4 is-layout-flow wp-block-column-is-layout-flow\" style=\"flex-basis:45%\">\n<h3 class=\"wp-block-heading has-large-font-size\">Soy <strong>Ely Morales<\/strong>, terapeuta especializada en biomagnetismo<\/h3>\n\n\n\n<div style=\"height:25px\" aria-hidden=\"true\" class=\"wp-block-spacer\"><\/div>\n\n\n\n<p>El biomagnetismo es una terapia que utiliza imanes para ayudar al cuerpo a recuperar su equilibrio natural y promover la sanaci\u00f3n.<\/p>\n\n\n\n<p>En mi pr\u00e1ctica aplico la t\u00e9cnica de <strong>pares biomagn\u00e9ticos<\/strong>, colocando imanes en puntos espec\u00edficos del cuerpo para neutralizar desequilibrios, apoyar al organismo en la eliminaci\u00f3n de microorganismos da\u00f1inos y aliviar distintas dolencias f\u00edsicas y emocionales.<\/p>\n\n\n\n<p>Creo profundamente en el biomagnetismo como un <strong>complemento a la medicina tradicional<\/strong>. Es una terapia <strong>no invasiva y segura<\/strong> que puede favorecer la recuperaci\u00f3n y mejorar la calidad de vida. En cada sesi\u00f3n me enfoco en entregar un espacio de confianza, respeto y sanaci\u00f3n para cada persona que llega a m\u00ed.<\/p>\n\n\n\n<p>Mi misi\u00f3n es acompa\u00f1ar a quienes buscan <strong>restaurar su energ\u00eda, equilibrio y bienestar<\/strong>, entregando una terapia personalizada que respalde sus procesos de salud y armon\u00eda.<\/p>\n\n\n\n<div style=\"height:25px\" aria-hidden=\"true\" class=\"wp-block-spacer\"><\/div>\n\n\n\n<div class=\"wp-block-buttons is-content-justification-left is-layout-flex wp-container-core-buttons-is-layout-fdcfc74e wp-block-buttons-is-layout-flex\">\n<div class=\"wp-block-button\"><a class=\"wp-block-button__link has-text-align-center wp-element-button\" href=\"https:\/\/wa.me\/56981749873?text=%C2%A1Hola!,%0AMe+gustar%C3%ADa+solicitar+una+hora+de+biomagnetismo+por+favor...&amp;utm_source=chatgpt.com\" target=\"_blank\" rel=\"noreferrer noopener nofollow\">Solicitar Hora<\/a><\/div>\n<\/div>\n<\/div>\n<\/div>\n<\/div><\/section>\n\n\n\n<section class=\"wp-block-group alignfull has-white-background-color has-text-color has-background has-link-color wp-elements-853ac5d2ed99613971661a279113ce85\" id=\"faqs\" style=\"color:#393939\"><div class=\"wp-block-group__inner-container is-layout-constrained wp-block-group-is-layout-constrained\">\n<div class=\"wp-block-columns first is-layout-flex wp-container-core-columns-is-layout-9d6595d7 wp-block-columns-is-layout-flex\">\n<div class=\"wp-block-column pe-md-5 is-layout-flow wp-block-column-is-layout-flow\" style=\"flex-basis:60%\">\n<h2 class=\"wp-block-heading has-text-align-left\">Preguntas Frecuentes<\/h2>\n<\/div>\n\n\n\n<div class=\"wp-block-column is-layout-flow wp-block-column-is-layout-flow\" style=\"flex-basis:40%\"><\/div>\n<\/div>\n\n\n\n<div class=\"wp-block-columns is-layout-flex wp-container-core-columns-is-layout-9d6595d7 wp-block-columns-is-layout-flex\">\n<div class=\"wp-block-column columna-preguntas is-layout-flow wp-block-column-is-layout-flow\" style=\"flex-basis:60%\">\n<div class=\"wp-block-pb-accordion-item c-accordion__item js-accordion-item no-js is-open\" data-initially-open=\"true\" data-click-to-close=\"true\" data-auto-close=\"true\" data-scroll=\"false\" data-scroll-offset=\"0\"><h2 id=\"at-137\" class=\"c-accordion__title js-accordion-controller\">\u00bfQu\u00e9 condiciones o enfermedades puede tratar el biomagnetismo?<\/h2><div id=\"ac-137\" class=\"c-accordion__content\">\n<p>El biomagnetismo puede abordar diversas condiciones, desde dolencias cr\u00f3nicas hasta problemas agudos como infecciones virales o bacterianas.<\/p>\n<\/div><\/div>\n\n\n\n<div class=\"wp-block-pb-accordion-item c-accordion__item js-accordion-item no-js\" data-initially-open=\"false\" data-click-to-close=\"true\" data-auto-close=\"true\" data-scroll=\"false\" data-scroll-offset=\"0\"><h2 id=\"at-138\" class=\"c-accordion__title js-accordion-controller\">\u00bfEs seguro el biomagnetismo? \u00bfTiene efectos secundarios?<\/h2><div id=\"ac-138\" class=\"c-accordion__content\">\n<p>El biomagnetismo puede abordar diversas condiciones, desde dolencias cr\u00f3nicas hasta problemas agudos como infecciones virales o bacterianas.<\/p>\n<\/div><\/div>\n\n\n\n<div class=\"wp-block-pb-accordion-item c-accordion__item js-accordion-item no-js\" data-initially-open=\"false\" data-click-to-close=\"true\" data-auto-close=\"true\" data-scroll=\"false\" data-scroll-offset=\"0\"><h2 id=\"at-139\" class=\"c-accordion__title js-accordion-controller\">\u00bfCu\u00e1nto tiempo dura una sesi\u00f3n de biomagnetismo?<\/h2><div id=\"ac-139\" class=\"c-accordion__content\">\n<p>Las sesiones suelen durar entre 45 minutos y una hora, dependiendo de las necesidades del paciente y las \u00e1reas a tratar.<\/p>\n<\/div><\/div>\n\n\n\n<div class=\"wp-block-pb-accordion-item c-accordion__item js-accordion-item no-js\" data-initially-open=\"false\" data-click-to-close=\"true\" data-auto-close=\"true\" data-scroll=\"false\" data-scroll-offset=\"0\"><h2 id=\"at-1310\" class=\"c-accordion__title js-accordion-controller\">\u00bfCon qu\u00e9 frecuencia se deben realizar las sesiones de biomagnetismo?<\/h2><div id=\"ac-1310\" class=\"c-accordion__content\">\n<p>La frecuencia puede variar seg\u00fan la condici\u00f3n del paciente, pero generalmente se recomienda una sesi\u00f3n semanal o quincenal, ajustada a cada caso particular.<\/p>\n<\/div><\/div>\n\n\n\n<div class=\"wp-block-pb-accordion-item c-accordion__item js-accordion-item no-js\" data-initially-open=\"false\" data-click-to-close=\"true\" data-auto-close=\"true\" data-scroll=\"false\" data-scroll-offset=\"0\"><h2 id=\"at-1311\" class=\"c-accordion__title js-accordion-controller\">\u00bfSe puede combinar el biomagnetismo con otras terapias o tratamientos m\u00e9dicos?<\/h2><div id=\"ac-1311\" class=\"c-accordion__content\">\n<p>S\u00ed, el biomagnetismo puede complementar otras terapias y tratamientos, pero siempre es importante informar al terapeuta sobre otros tratamientos en curso.<\/p>\n<\/div><\/div>\n\n\n\n<div class=\"wp-block-pb-accordion-item c-accordion__item js-accordion-item no-js\" data-initially-open=\"false\" data-click-to-close=\"true\" data-auto-close=\"true\" data-scroll=\"false\" data-scroll-offset=\"0\"><h2 id=\"at-1312\" class=\"c-accordion__title js-accordion-controller\">\u00bfCu\u00e1ntas sesiones se necesitan para notar mejoras o resultados?<\/h2><div id=\"ac-1312\" class=\"c-accordion__content\">\n<p>Los resultados var\u00edan seg\u00fan cada individuo y condici\u00f3n. Algunos pacientes notan mejoras desde las primeras sesiones, pero se recomienda un tratamiento continuo para obtener resultados \u00f3ptimos.<\/p>\n<\/div><\/div>\n\n\n\n<div class=\"wp-block-pb-accordion-item c-accordion__item js-accordion-item no-js\" data-initially-open=\"false\" data-click-to-close=\"true\" data-auto-close=\"true\" data-scroll=\"false\" data-scroll-offset=\"0\"><h2 id=\"at-1313\" class=\"c-accordion__title js-accordion-controller\">\u00bfExiste alguna contraindicaci\u00f3n para el biomagnetismo?<\/h2><div id=\"ac-1313\" class=\"c-accordion__content\">\n<p>Personas con marcapasos, mujeres embarazadas en ciertas etapas y quienes est\u00e9n con quimioterapia o radioterapia, no pueden recibir este tratamiento.<\/p>\n<\/div><\/div>\n\n\n\n<div style=\"height:25px\" aria-hidden=\"true\" class=\"wp-block-spacer\"><\/div>\n<\/div>\n\n\n\n<div class=\"wp-block-column is-layout-flow wp-block-column-is-layout-flow\" style=\"flex-basis:40%\">\n<figure class=\"wp-block-image size-large mt-4\"><img loading=\"lazy\" decoding=\"async\" width=\"780\" height=\"1024\" src=\"https:\/\/www.biomagnetista.cl\/wp-content\/uploads\/2024\/01\/01-faqs-e1755557588719-780x1024.jpg\" alt=\"\" class=\"wp-image-131\" srcset=\"https:\/\/www.biomagnetista.cl\/wp-content\/uploads\/2024\/01\/01-faqs-e1755557588719-780x1024.jpg 780w, https:\/\/www.biomagnetista.cl\/wp-content\/uploads\/2024\/01\/01-faqs-e1755557588719-229x300.jpg 229w, https:\/\/www.biomagnetista.cl\/wp-content\/uploads\/2024\/01\/01-faqs-e1755557588719-768x1008.jpg 768w, https:\/\/www.biomagnetista.cl\/wp-content\/uploads\/2024\/01\/01-faqs-e1755557588719.jpg 1138w\" sizes=\"auto, (max-width: 780px) 100vw, 780px\" \/><\/figure>\n<\/div>\n<\/div>\n<\/div><\/section>\n\n\n\n<div class=\"wp-block-cover alignfull wp-duotone-0693e3-ffffff-1\" id=\"banner\"><img loading=\"lazy\" decoding=\"async\" width=\"1840\" height=\"1456\" class=\"wp-block-cover__image-background wp-image-168\" alt=\"\" src=\"https:\/\/www.biomagnetista.cl\/wp-content\/uploads\/2024\/01\/solicitar-hora.jpg\" style=\"object-position:52% 10%\" data-object-fit=\"cover\" data-object-position=\"52% 10%\" srcset=\"https:\/\/www.biomagnetista.cl\/wp-content\/uploads\/2024\/01\/solicitar-hora.jpg 1840w, https:\/\/www.biomagnetista.cl\/wp-content\/uploads\/2024\/01\/solicitar-hora-300x237.jpg 300w, https:\/\/www.biomagnetista.cl\/wp-content\/uploads\/2024\/01\/solicitar-hora-1024x810.jpg 1024w, https:\/\/www.biomagnetista.cl\/wp-content\/uploads\/2024\/01\/solicitar-hora-768x608.jpg 768w, https:\/\/www.biomagnetista.cl\/wp-content\/uploads\/2024\/01\/solicitar-hora-1536x1215.jpg 1536w\" sizes=\"auto, (max-width: 1840px) 100vw, 1840px\" \/><span aria-hidden=\"true\" class=\"wp-block-cover__background has-background-dim-80 has-background-dim wp-block-cover__gradient-background has-background-gradient\" style=\"background:linear-gradient(135deg,rgb(103,148,254) 0%,rgb(185,179,255) 98%)\"><\/span><div class=\"wp-block-cover__inner-container is-layout-constrained wp-block-cover-is-layout-constrained\">\n<h2 class=\"wp-block-heading has-text-align-center\">\u00a1Haz de la armon\u00eda y la salud <br>tu prioridad hoy mismo!<\/h2>\n\n\n\n<div class=\"wp-block-buttons is-content-justification-center is-layout-flex wp-container-core-buttons-is-layout-16018d1d wp-block-buttons-is-layout-flex\">\n<div class=\"wp-block-button\"><a class=\"wp-block-button__link has-text-align-center wp-element-button\" href=\"https:\/\/wa.me\/56981749873?text=%C2%A1Hola!,%0AMe+gustar%C3%ADa+solicitar+una+hora+de+biomagnetismo+por+favor...&amp;utm_source=chatgpt.com\" target=\"_blank\" rel=\"noreferrer noopener nofollow\">Solicitar Hora<\/a><\/div>\n<\/div>\n<\/div><\/div>\n","protected":false},"excerpt":{"rendered":"<p>Especialista en biomagnetismo en Chile, ofreciendo terapias integrales para el equilibrio f\u00edsico y energ\u00e9tico, mejorando tu salud de manera natural.<\/p>\n","protected":false},"author":1,"featured_media":0,"parent":0,"menu_order":0,"comment_status":"closed","ping_status":"closed","template":"","meta":{"footnotes":""},"class_list":["post-13","page","type-page","status-publish","hentry"],"meta_box":[],"_links":{"self":[{"href":"https:\/\/www.biomagnetista.cl\/index.php\/wp-json\/wp\/v2\/pages\/13","targetHints":{"allow":["GET"]}}],"collection":[{"href":"https:\/\/www.biomagnetista.cl\/index.php\/wp-json\/wp\/v2\/pages"}],"about":[{"href":"https:\/\/www.biomagnetista.cl\/index.php\/wp-json\/wp\/v2\/types\/page"}],"author":[{"embeddable":true,"href":"https:\/\/www.biomagnetista.cl\/index.php\/wp-json\/wp\/v2\/users\/1"}],"replies":[{"embeddable":true,"href":"https:\/\/www.biomagnetista.cl\/index.php\/wp-json\/wp\/v2\/comments?post=13"}],"version-history":[{"count":204,"href":"https:\/\/www.biomagnetista.cl\/index.php\/wp-json\/wp\/v2\/pages\/13\/revisions"}],"predecessor-version":[{"id":273,"href":"https:\/\/www.biomagnetista.cl\/index.php\/wp-json\/wp\/v2\/pages\/13\/revisions\/273"}],"wp:attachment":[{"href":"https:\/\/www.biomagnetista.cl\/index.php\/wp-json\/wp\/v2\/media?parent=13"}],"curies":[{"name":"wp","href":"https:\/\/api.w.org\/{rel}","templated":true}]}}